{"id":2861,"date":"2024-10-30T17:52:32","date_gmt":"2024-10-30T20:52:32","guid":{"rendered":"https:\/\/ensurquiza-cba.infd.edu.ar\/sitio\/?page_id=2861"},"modified":"2025-10-23T19:56:16","modified_gmt":"2025-10-23T22:56:16","slug":"profesorado-en-educacion-tecnologica","status":"publish","type":"page","link":"https:\/\/ensurquiza-cba.infd.edu.ar\/sitio\/profesorado-en-educacion-tecnologica\/","title":{"rendered":"PET"},"content":{"rendered":"\n<figure class=\"wp-block-gallery has-nested-images columns-default is-cropped wp-block-gallery-1 is-layout-flex\">\n<figure class=\"wp-block-image size-full\"><img decoding=\"async\" loading=\"lazy\" width=\"1024\" height=\"1021\" data-id=\"3128\"  src=\"https:\/\/ensurquiza-cba.infd.edu.ar\/sitio\/wp-content\/uploads\/2025\/10\/WhatsApp-Image-2025-10-23-at-18.34.06.jpeg\" alt=\"\" class=\"wp-image-3128\" srcset=\"https:\/\/ensurquiza-cba.infd.edu.ar\/sitio\/wp-content\/uploads\/2025\/10\/WhatsApp-Image-2025-10-23-at-18.34.06.jpeg 1024w, https:\/\/ensurquiza-cba.infd.edu.ar\/sitio\/wp-content\/uploads\/2025\/10\/WhatsApp-Image-2025-10-23-at-18.34.06-1000x997.jpeg 1000w, https:\/\/ensurquiza-cba.infd.edu.ar\/sitio\/wp-content\/uploads\/2025\/10\/WhatsApp-Image-2025-10-23-at-18.34.06-500x500.jpeg 500w, https:\/\/ensurquiza-cba.infd.edu.ar\/sitio\/wp-content\/uploads\/2025\/10\/WhatsApp-Image-2025-10-23-at-18.34.06-768x766.jpeg 768w\" sizes=\"(max-width: 1024px) 100vw, 1024px\" \/><\/figure>\n<\/figure>\n\n\n\n<h2 class=\"wp-block-heading\">Profesorado en Educaci\u00f3n Tecnol\u00f3gica<\/h2>\n\n\n\n<p>El Profesorado de Educaci\u00f3n Tecnol\u00f3gica es una carrera que te posibilita desempe\u00f1arte como docente de Tecnolog\u00eda en todos los niveles.<\/p>\n\n\n\n<p>La misma tiene una duraci\u00f3n de cuatro a\u00f1os. Se cursa en modalidad combinada (1 semana virtual alternando con dos semanas presenciales) El horario es vespertino de 18.20 a 22.40hs de lunes a viernes.<\/p>\n\n\n\n<p><strong>Finalidades y perfil formativo para el Profesor\/a de Educaci\u00f3n Tecnol\u00f3gica<\/strong><\/p>\n\n\n\n<ul>\n<li>Brindar educaci\u00f3n para desarrollar y fortalecer la formaci\u00f3n integral de las personas y promover, en cada una de ellas, la capacidad de definir su proyecto de vida, basado en los valores de libertad, paz, solidaridad, igualdad, respeto a la diversidad, justicia, responsabilidad y bien com\u00fan.<\/li>\n\n\n\n<li>Preparar profesionales capaces de ense\u00f1ar, generar y transmitir los conocimientos y valores necesarios para la formaci\u00f3n integral de las personas, el desarrollo nacional y la construcci\u00f3n de una sociedad m\u00e1s justa. 6<\/li>\n\n\n\n<li>Promover la construcci\u00f3n de una identidad docente basada en la autonom\u00eda profesional, el v\u00ednculo con la cultura y la sociedad contempor\u00e1nea, el trabajo en equipo, el compromiso con la igualdad y la confianza en las posibilidades de aprendizaje de los\/as alumnos\/as.<\/li>\n\n\n\n<li>Enriquecer el capital cultural de los estudiantes, brindando herramientas para su inserci\u00f3n en el sistema educativo como trabajador, transmisor y recreador de la cultura tecnol\u00f3gica<\/li>\n\n\n\n<li>Favorecer el an\u00e1lisis y la reflexi\u00f3n sobre las trayectorias formativas del docente de Educaci\u00f3n Tecnol\u00f3gica y las condiciones de construcci\u00f3n de su identidad profesional. &#8211; Brindar una formaci\u00f3n ciudadana comprometida con los valores \u00e9ticos y democr\u00e1ticos de participaci\u00f3n, libertad, solidaridad, respeto a los derechos humanos, responsabilidad, honestidad, valoraci\u00f3n y preservaci\u00f3n del patrimonio natural y cultural.<\/li>\n\n\n\n<li>Comprender al sujeto a quien va dirigida la ense\u00f1anza en sus dimensiones subjetivas, psicol\u00f3gicas, cognitivas, afectivas y socioculturales.<\/li>\n\n\n\n<li>Comprender que el trabajo docente se centra en la ense\u00f1anza como pr\u00e1ctica de transmisi\u00f3n de cultura y conocimiento en los espacios escolares.<\/li>\n\n\n\n<li>Adquirir herramientas conceptuales y pr\u00e1cticas que posibiliten tomar decisiones, orientar y evaluar procesos en la ense\u00f1anza en el campo de la educaci\u00f3n tecnol\u00f3gica, atendiendo a las singularidades de los diferentes niveles educativos y diversos contextos.<\/li>\n\n\n\n<li>Formar docentes responsables, capaces de adaptarse personal y profesionalmente a contextos socio-culturales diversos; preparados para la toma de decisiones respecto de las formas de ense\u00f1anza y de evaluaci\u00f3n m\u00e1s adecuadas a cada situaci\u00f3n; sustentados en la reflexi\u00f3n y cr\u00edtica respecto de los cuerpos de conocimientos conceptuales y pr\u00e1cticos que orientan la toma de decisiones.<\/li>\n\n\n\n<li>Aprender a ense\u00f1ar a partir del reconocimiento de la complejidad de la tecnolog\u00eda y del conocimiento tecnol\u00f3gico como objeto del dinamismo de los marcos te\u00f3ricos de referencia.<\/li>\n\n\n\n<li>Concebir la formaci\u00f3n docente como una pr\u00e1ctica social transformadora, que se sostiene en valores democr\u00e1ticos y que revaloriza el conocimiento en general y el tecnol\u00f3gico en particular como herramienta necesaria para comprender y transformar la realidad.<\/li>\n\n\n\n<li>Asumir la pr\u00e1ctica docente como un trabajo en equipo que permita elaborar y desarrollar proyectos interdisciplinarios, institucionales y de intercambio con otras instituciones del contexto, haciendo foco en la educaci\u00f3n tecnol\u00f3gica y sus posibles abordajes<\/li>\n\n\n\n<li>Articular la formaci\u00f3n superior de profesores de Educaci\u00f3n Tecnol\u00f3gica con los diferentes niveles obligatorios del sistema educativo, fortaleciendo el v\u00ednculo con las escuelas asociadas y con otras instituciones y organizaciones sociales; reconociendo y valorando el aporte que hacen a la formaci\u00f3n docente inicial.<\/li>\n\n\n\n<li>Asumir posiciones reflexivas y cr\u00edticas frente a los paradigmas dominantes sobre las concepciones de tecnolog\u00edas y sus usos, promoviendo la inclusi\u00f3n y la emancipaci\u00f3n social y cultural.<\/li>\n\n\n\n<li>Favorecer la apropiaci\u00f3n e implementaci\u00f3n de los Dise\u00f1os Curriculares de la Educaci\u00f3n Inicial, de la Educaci\u00f3n Primaria y de la Educaci\u00f3n Secundaria.<\/li>\n\n\n\n<li>Promover una concepci\u00f3n de ciencia como construcci\u00f3n social y humana y en permanente revisi\u00f3n.<\/li>\n\n\n\n<li>Propiciar saberes vinculados con las Tecnolog\u00edas de la Informaci\u00f3n y de la Comunicaci\u00f3n que favorezcan su lectura cr\u00edtica en tanto pr\u00e1cticas sociales, su problematizaci\u00f3n did\u00e1ctica y sus implicancias en la l\u00f3gica de producci\u00f3n del conocimiento cient\u00edfico.<\/li>\n<\/ul>\n\n\n\n<p>El Profesorado de Educaci\u00f3n Tecnol\u00f3gica es una carrera que te posibilita desempe\u00f1arte como docente de Tecnolog\u00eda en todos los niveles.<\/p>\n\n\n\n<p>La misma tiene una duraci\u00f3n de cuatro a\u00f1os. Se cursa en modalidad combinada (1 semana virtual alternando con dos semanas presenciales) El horario es vespertino de 18.20 a 22.40hs de lunes a viernes.<\/p>\n\n\n\n<p><strong><img decoding=\"async\" src=\"https:\/\/ensurquiza-cba.infd.edu.ar\/sitio\/wp-content\/uploads\/2018\/08\/attachment.png\" alt=\"clip\"><a href=\"https:\/\/dges-cba.infd.edu.ar\/sitio\/upload\/Plan_de_Estudio_EDUCACION_TECNOLOGICA.pdf\" data-type=\"URL\" data-id=\"https:\/\/dges-cba.infd.edu.ar\/sitio\/upload\/Plan_de_Estudio_EDUCACION_TECNOLOGICA.pdf\" target=\"_blank\" rel=\"noreferrer noopener\">PLAN DE ESTUDIO<\/a><\/strong><\/p>\n\n\n\n<p><strong><img decoding=\"async\" src=\"https:\/\/ensurquiza-cba.infd.edu.ar\/sitio\/wp-content\/uploads\/2018\/08\/attachment.png\" alt=\"clip\"><a rel=\"noreferrer noopener\" href=\"https:\/\/ensurquiza-cba.infd.edu.ar\/sitio\/profesorado-de-educacion-inicial-2\/upload\/El_perfil_formativo_para_el_Profesorado.pdf\" target=\"_blank\">&nbsp;<\/a><a href=\"https:\/\/dges-cba.infd.edu.ar\/sitio\/wp-content\/uploads\/2019\/05\/24_de_ABRIL_2019_ED_TECNOLOGICA.pdf\" data-type=\"URL\" data-id=\"https:\/\/dges-cba.infd.edu.ar\/sitio\/wp-content\/uploads\/2019\/05\/24_de_ABRIL_2019_ED_TECNOLOGICA.pdf\" target=\"_blank\" rel=\"noreferrer noopener\">DISE\u00d1O CURRICULAR<\/a><\/strong><\/p>\n\n\n\n<p><strong><img decoding=\"async\" src=\"https:\/\/ensurquiza-cba.infd.edu.ar\/sitio\/wp-content\/uploads\/2018\/08\/attachment.png\" alt=\"clip\"><\/strong>&nbsp;<strong><a rel=\"noreferrer noopener\" href=\"https:\/\/dges-cba.infd.edu.ar\/sitio\/curriculares\/upload\/131-14.PDF\" data-type=\"URL\" data-id=\"https:\/\/dges-cba.infd.edu.ar\/sitio\/upload\/Plan_de_Estudio_EDUCACION_TECNOLOGICA.pdf\" target=\"_blank\">RESOLUCI\u00d3N 131-14 Aprobaci\u00f3n del Dise\u00f1o Curricular PET<\/a><\/strong><\/p>\n\n\n\n\n\n<p><\/p>\n\n\n\n<p><\/p>\n\n\n\n<p><\/p>\n","protected":false},"excerpt":{"rendered":"<p>Profesorado en Educaci\u00f3n Tecnol\u00f3gica El Profesorado de Educaci\u00f3n Tecnol\u00f3gica es una carrera que te posibilita desempe\u00f1arte como docente de Tecnolog\u00eda en todos los niveles. La misma tiene una duraci\u00f3n de cuatro a\u00f1os. Se cursa en modalidad combinada (1 semana virtual alternando con dos semanas presenciales) El horario es vespertino de 18.20 a 22.40hs de lunes &#8230; <a title=\"PET\" class=\"read-more\" href=\"https:\/\/ensurquiza-cba.infd.edu.ar\/sitio\/profesorado-en-educacion-tecnologica\/\" aria-label=\"More on PET\">[+]<\/a><\/p>\n","protected":false},"author":861,"featured_media":0,"parent":0,"menu_order":0,"comment_status":"closed","ping_status":"closed","template":"","meta":[],"acf":[],"_links":{"self":[{"href":"https:\/\/ensurquiza-cba.infd.edu.ar\/sitio\/wp-json\/wp\/v2\/pages\/2861"}],"collection":[{"href":"https:\/\/ensurquiza-cba.infd.edu.ar\/sitio\/wp-json\/wp\/v2\/pages"}],"about":[{"href":"https:\/\/ensurquiza-cba.infd.edu.ar\/sitio\/wp-json\/wp\/v2\/types\/page"}],"author":[{"embeddable":true,"href":"https:\/\/ensurquiza-cba.infd.edu.ar\/sitio\/wp-json\/wp\/v2\/users\/861"}],"replies":[{"embeddable":true,"href":"https:\/\/ensurquiza-cba.infd.edu.ar\/sitio\/wp-json\/wp\/v2\/comments?post=2861"}],"version-history":[{"count":13,"href":"https:\/\/ensurquiza-cba.infd.edu.ar\/sitio\/wp-json\/wp\/v2\/pages\/2861\/revisions"}],"predecessor-version":[{"id":3166,"href":"https:\/\/ensurquiza-cba.infd.edu.ar\/sitio\/wp-json\/wp\/v2\/pages\/2861\/revisions\/3166"}],"wp:attachment":[{"href":"https:\/\/ensurquiza-cba.infd.edu.ar\/sitio\/wp-json\/wp\/v2\/media?parent=2861"}],"curies":[{"name":"wp","href":"https:\/\/api.w.org\/{rel}","templated":true}]}}