{"id":1634,"date":"2019-03-10T17:55:59","date_gmt":"2019-03-10T20:55:59","guid":{"rendered":"https:\/\/ensurquiza-cba.infd.edu.ar\/sitio\/?page_id=1634"},"modified":"2025-10-23T19:37:05","modified_gmt":"2025-10-23T22:37:05","slug":"profesorado-de-educacion-primaria-3","status":"publish","type":"page","link":"https:\/\/ensurquiza-cba.infd.edu.ar\/sitio\/profesorado-de-educacion-primaria-3\/","title":{"rendered":"Profesorado de Educaci\u00f3n Primaria"},"content":{"rendered":"<p style=\"text-align: center;\"><img decoding=\"async\" loading=\"lazy\" class=\"alignnone  wp-image-3129\" src=\"https:\/\/ensurquiza-cba.infd.edu.ar\/sitio\/wp-content\/uploads\/2025\/10\/WhatsApp-Image-2025-10-23-at-18.34.07-1000x997.jpeg\" alt=\"\" width=\"866\" height=\"863\" srcset=\"https:\/\/ensurquiza-cba.infd.edu.ar\/sitio\/wp-content\/uploads\/2025\/10\/WhatsApp-Image-2025-10-23-at-18.34.07-1000x997.jpeg 1000w, https:\/\/ensurquiza-cba.infd.edu.ar\/sitio\/wp-content\/uploads\/2025\/10\/WhatsApp-Image-2025-10-23-at-18.34.07-768x766.jpeg 768w, https:\/\/ensurquiza-cba.infd.edu.ar\/sitio\/wp-content\/uploads\/2025\/10\/WhatsApp-Image-2025-10-23-at-18.34.07.jpeg 1024w\" sizes=\"(max-width: 866px) 100vw, 866px\" \/><\/p>\n<p>El\u00a0<strong>Profesorado de Educaci\u00f3n Primaria\u00a0<\/strong>tiene una duraci\u00f3n de\u00a0<strong>4 a\u00f1os\u00a0<\/strong>y presenta un\u00a0<strong><a title=\"Propuesta curricular de los Profesorados de Educaci\u00f3n Inicial y Primario\" href=\"https:\/\/ensurquiza-cba.infd.edu.ar\/sitio\/profesorado-de-educacion-primaria-2\/upload\/Disenio_Curr_Primaria_Inicial_2015.pdf\" target=\"_blank\" rel=\"noopener\">nuevo plan curricular<\/a><\/strong>, que se se inscribe en el Proceso Nacional de Institucionalizaci\u00f3n del Sistema Formador de Docentes, iniciado durante el a\u00f1o 2008.<\/p>\n<p>El profesorado\u00a0est\u00e1\u00a0<strong>organizado en torno a tres Campos<\/strong>\u00a0de la Formaci\u00f3n docente: Campo\u00a0<strong>de la Formaci\u00f3n General,\u00a0<\/strong>el Campo<strong>\u00a0de la Formaci\u00f3n Espec\u00edfica<\/strong>, y el Campo<strong>\u00a0de la Pr\u00e1ctica Docente<\/strong>. De su integraci\u00f3n, se pretende\u00a0propiciar cruces y articulaciones orientadas a un abordaje integral y pluridimensional de la complejidad del hecho educativo, recurriendo a una\u00a0<strong>variedad de formatos curriculares<\/strong>\u00a0que expresan tanto enfoques disciplinares como estructuraciones en torno a problemas o temas:\u00a0<strong>asignaturas, seminarios, talleres, ateneos, tutor\u00edas y trabajos de campo<\/strong>. Tal variabilidad y flexibilidad de formatos admite modos de organizaci\u00f3n, de cursado, de evaluaci\u00f3n y de acreditaci\u00f3n diferenciales.<\/p>\n<p><img decoding=\"async\" loading=\"lazy\" class=\"wp-image-3112  alignright\" title=\"PEP\" src=\"https:\/\/ensurquiza-cba.infd.edu.ar\/sitio\/wp-content\/uploads\/2025\/10\/WhatsApp-Image-2025-10-22-at-17.32.33-1-1000x706.jpeg\" alt=\"\" width=\"242\" height=\"171\" srcset=\"https:\/\/ensurquiza-cba.infd.edu.ar\/sitio\/wp-content\/uploads\/2025\/10\/WhatsApp-Image-2025-10-22-at-17.32.33-1-1000x706.jpeg 1000w, https:\/\/ensurquiza-cba.infd.edu.ar\/sitio\/wp-content\/uploads\/2025\/10\/WhatsApp-Image-2025-10-22-at-17.32.33-1-768x542.jpeg 768w, https:\/\/ensurquiza-cba.infd.edu.ar\/sitio\/wp-content\/uploads\/2025\/10\/WhatsApp-Image-2025-10-22-at-17.32.33-1.jpeg 1280w\" sizes=\"(max-width: 242px) 100vw, 242px\" \/><\/p>\n<p>Por otro lado, se incorpora al mismo un\u00a0<strong>sistema de cr\u00e9ditos para los estudiantes<\/strong>\u00a0que, en el marco de un curriculum flexible, permite reconocer, orientar y acreditar trayectos formativos\u00a0extracurriculares\u00a0opcionales.<\/p>\n<p>La Escuela Normal\u00a0ofrece una\u00a0<strong>propuesta de organizaci\u00f3n curricular<\/strong>\u00a0del Profesorado de Educaci\u00f3n Primaria para el desarrollo de la formaci\u00f3n\u00a0<strong>orientada en\u00a0<\/strong><strong>Educaci\u00f3n Rural.<\/strong><\/p>\n<p>El cursado puede realizarse en <strong>turno noche:<\/strong><\/p>\n<p>La Divisi\u00f3n A entre las 18:00 y 23.30 hs. (turno noche)<\/p>\n<p>S\u00f3lo para estudiantes de 3er. y 4to a\u00f1o Divisi\u00f3n B entre las 14:00 y las 20:00 hs. (turno vespertino)<\/p>\n<table border=\"0\" align=\"center\">\n<tbody>\n<tr align=\"center\" valign=\"middle\">\n<td><strong><img decoding=\"async\" src=\"https:\/\/ensurquiza-cba.infd.edu.ar\/sitio\/wp-content\/uploads\/2018\/08\/attachment.png\" alt=\"clip\" border=\"0\" \/><a title=\"Plan de estudios PEP\" href=\"https:\/\/ensurquiza-cba.infd.edu.ar\/sitio\/profesorado-de-educacion-primaria-2\/upload\/plan_PEP.jpg\" target=\"_blank\" rel=\"noopener\">PLAN DE ESTUDIO<\/a><\/strong><\/td>\n<\/tr>\n<tr align=\"center\" valign=\"middle\">\n<td><strong><img decoding=\"async\" src=\"https:\/\/ensurquiza-cba.infd.edu.ar\/sitio\/wp-content\/uploads\/2018\/08\/attachment.png\" alt=\"clip\" border=\"0\" \/><\/strong><strong><a title=\"Perfil formativo de los Profesorados Inicial y Primario\" href=\"https:\/\/ensurquiza-cba.infd.edu.ar\/sitio\/profesorado-de-educacion-primaria-2\/upload\/El_perfil_formativo_para_el_Profesorado.pdf\" target=\"_blank\" rel=\"noopener\">\u00a0PERFIL PROFESIONAL<\/a><\/strong><\/td>\n<\/tr>\n<tr align=\"center\" valign=\"middle\">\n<td><strong><a title=\"Solicitud de Preinscripci\u00f3n\" href=\"https:\/\/ensurquiza-cba.infd.edu.ar\/sitio\/profesorado-de-educacion-primaria-2\/index.cgi?wid_form=5\"><img decoding=\"async\" src=\"https:\/\/ensurquiza-cba.infd.edu.ar\/sitio\/wp-content\/uploads\/2018\/08\/attachment.png\" alt=\"clip\" border=\"0\" \/><\/a><\/strong>Los\/as aspirantes deber\u00e1n pre inscribirse a trav\u00e9s del sistema de gesti\u00f3n de estudiantes, desde la siguiente\u00a0p\u00e1gina:\u00a0<a href=\"http:\/\/www.cba.gov.ar\/gestion-estudiantes\/\" target=\"_blank\" rel=\"noopener\" data-saferedirecturl=\"https:\/\/www.google.com\/url?hl=es-419&amp;q=http:\/\/www.cba.gov.ar\/gestion-estudiantes\/&amp;source=gmail&amp;ust=1507768203750000&amp;usg=AFQjCNGk00OIhRFAzc1c3ajBHdAcNBwiZw\">http:\/\/www.cba.gov.ar\/gestion-estudiantes\/<\/a>\u00a0luego aqu\u00ed tienen que ingresar al enlace llamado \u201cPre Matricula \u2013 Nivel Superior\u201d y all\u00ed mediante su usuario\u00a0CiDi\u00a0podr\u00e1n elegir la carrera a la cual pre-matricularse.<\/td>\n<\/tr>\n<\/tbody>\n<\/table>\n<hr \/>\n<p style=\"text-align: center;\"><strong>Programa Maestros+Maestros: Conversatorio con los referentes del Programa y Estudiantes de 3ro y 4to a\u00f1o de los Profesorados de la Escuela Normal-<\/strong><\/p>\n<p style=\"text-align: center;\"><div id=\"metaslider-id-3147\" style=\"width: 100%; margin: 0 auto;\" class=\"ml-slider-3-33-0 metaslider metaslider-nivo metaslider-3147 ml-slider ms-theme-default\" role=\"region\" aria-roledescription=\"Slideshow\" aria-label=\"Slideshow\">\n    <div id=\"metaslider_container_3147\">\n        <div class='slider-wrapper theme-default'><div class='ribbon'><\/div><div id='metaslider_3147' class='nivoSlider'><img width=\"1440\" height=\"1440\" src=\"https:\/\/ensurquiza-cba.infd.edu.ar\/sitio\/wp-content\/uploads\/2025\/10\/MM3.jpg\" class=\"slider-3147 slide-3152\" alt=\"\" decoding=\"async\" loading=\"lazy\" data-caption=\"\" data-thumb=\"\" title=\"MM3\" rel=\"\" srcset=\"https:\/\/ensurquiza-cba.infd.edu.ar\/sitio\/wp-content\/uploads\/2025\/10\/MM3.jpg 1440w, https:\/\/ensurquiza-cba.infd.edu.ar\/sitio\/wp-content\/uploads\/2025\/10\/MM3-1000x1000.jpg 1000w, https:\/\/ensurquiza-cba.infd.edu.ar\/sitio\/wp-content\/uploads\/2025\/10\/MM3-500x500.jpg 500w, https:\/\/ensurquiza-cba.infd.edu.ar\/sitio\/wp-content\/uploads\/2025\/10\/MM3-768x768.jpg 768w\" sizes=\"(max-width: 1440px) 100vw, 1440px\" \/><img width=\"1440\" height=\"1440\" src=\"https:\/\/ensurquiza-cba.infd.edu.ar\/sitio\/wp-content\/uploads\/2025\/10\/MM2.jpg\" class=\"slider-3147 slide-3153\" alt=\"\" decoding=\"async\" loading=\"lazy\" data-caption=\"\" data-thumb=\"\" title=\"MM2\" rel=\"\" srcset=\"https:\/\/ensurquiza-cba.infd.edu.ar\/sitio\/wp-content\/uploads\/2025\/10\/MM2.jpg 1440w, https:\/\/ensurquiza-cba.infd.edu.ar\/sitio\/wp-content\/uploads\/2025\/10\/MM2-1000x1000.jpg 1000w, https:\/\/ensurquiza-cba.infd.edu.ar\/sitio\/wp-content\/uploads\/2025\/10\/MM2-500x500.jpg 500w, https:\/\/ensurquiza-cba.infd.edu.ar\/sitio\/wp-content\/uploads\/2025\/10\/MM2-768x768.jpg 768w\" sizes=\"(max-width: 1440px) 100vw, 1440px\" \/><img width=\"1440\" height=\"1440\" src=\"https:\/\/ensurquiza-cba.infd.edu.ar\/sitio\/wp-content\/uploads\/2025\/10\/MM1.jpg\" class=\"slider-3147 slide-3154\" alt=\"\" decoding=\"async\" loading=\"lazy\" data-caption=\"\" data-thumb=\"\" title=\"MM1\" rel=\"\" srcset=\"https:\/\/ensurquiza-cba.infd.edu.ar\/sitio\/wp-content\/uploads\/2025\/10\/MM1.jpg 1440w, https:\/\/ensurquiza-cba.infd.edu.ar\/sitio\/wp-content\/uploads\/2025\/10\/MM1-1000x1000.jpg 1000w, https:\/\/ensurquiza-cba.infd.edu.ar\/sitio\/wp-content\/uploads\/2025\/10\/MM1-500x500.jpg 500w, https:\/\/ensurquiza-cba.infd.edu.ar\/sitio\/wp-content\/uploads\/2025\/10\/MM1-768x768.jpg 768w\" sizes=\"(max-width: 1440px) 100vw, 1440px\" \/><img width=\"1440\" height=\"1440\" src=\"https:\/\/ensurquiza-cba.infd.edu.ar\/sitio\/wp-content\/uploads\/2025\/10\/MM.jpg\" class=\"slider-3147 slide-3155\" alt=\"\" decoding=\"async\" loading=\"lazy\" data-caption=\"\" data-thumb=\"\" title=\"MM\" rel=\"\" srcset=\"https:\/\/ensurquiza-cba.infd.edu.ar\/sitio\/wp-content\/uploads\/2025\/10\/MM.jpg 1440w, https:\/\/ensurquiza-cba.infd.edu.ar\/sitio\/wp-content\/uploads\/2025\/10\/MM-1000x1000.jpg 1000w, https:\/\/ensurquiza-cba.infd.edu.ar\/sitio\/wp-content\/uploads\/2025\/10\/MM-500x500.jpg 500w, https:\/\/ensurquiza-cba.infd.edu.ar\/sitio\/wp-content\/uploads\/2025\/10\/MM-768x768.jpg 768w\" sizes=\"(max-width: 1440px) 100vw, 1440px\" \/><\/div><\/div>\n        \n    <\/div>\n<\/div><\/p>\n<h4 style=\"text-align: center;\">Inclusi\u00f3n pedag\u00f3gica de las TIC a la ense\u00f1anza del Nivel Primario<\/h4>\n<p style=\"text-align: left;\">Contamos actualmente con dos Aulas Digitales M\u00f3viles que nos permiten organizar propuestas para los alumnos del Nivel Primario. Una de las Aulas se encuentra destinada al Nivel Superior en la Carrera del\u00a0<strong>PEP\u00a0<\/strong><strong>y PEI<\/strong> (Profesorado de Educaci\u00f3n Primario e Inicial), con el objetivo de ser utilizadas como material did\u00e1ctico exclusivamente para las\u00a0estudiantes del Nivel.<\/p>\n<div class=\"text-orange cursor-pointer whitespace-normal inline\" style=\"text-align: center;\"><div id=\"metaslider-id-1642\" style=\"width: 100%; margin: 0 auto;\" class=\"ml-slider-3-33-0 metaslider metaslider-flex metaslider-1642 ml-slider ms-theme-default\" role=\"region\" aria-roledescription=\"Slideshow\" aria-label=\"Slideshow\">\n    <div id=\"metaslider_container_1642\">\n        <div id=\"metaslider_1642\" class=\"flexslider\">\n            <ul aria-live=\"polite\" class=\"slides\">\n                <li style=\"display: block; width: 100%;\" class=\"slide-1643 ms-image\" aria-roledescription=\"slide\" aria-label=\"slide-1643\"><img src=\"https:\/\/ensurquiza-cba.infd.edu.ar\/sitio\/wp-content\/uploads\/2018\/09\/foto11-ADM-960x305.jpg\" height=\"350\" width=\"1100\" alt=\"\" class=\"slider-1642 slide-1643\" title=\"foto11 ADM\" \/><\/li>\n                <li style=\"display: none; width: 100%;\" class=\"slide-1644 ms-image\" aria-roledescription=\"slide\" aria-label=\"slide-1644\"><img src=\"https:\/\/ensurquiza-cba.infd.edu.ar\/sitio\/wp-content\/uploads\/2018\/09\/IMG_20180522_174909426-1100x350.jpg\" height=\"350\" width=\"1100\" alt=\"\" class=\"slider-1642 slide-1644\" title=\"IMG_20180522_174909426\" \/><\/li>\n                <li style=\"display: none; width: 100%;\" class=\"slide-1645 ms-image\" aria-roledescription=\"slide\" aria-label=\"slide-1645\"><img src=\"https:\/\/ensurquiza-cba.infd.edu.ar\/sitio\/wp-content\/uploads\/2018\/09\/IMG_20180522_174757393_TOP-1100x350.jpg\" height=\"350\" width=\"1100\" alt=\"\" class=\"slider-1642 slide-1645\" title=\"IMG_20180522_174757393_TOP\" \/><\/li>\n                <li style=\"display: none; width: 100%;\" class=\"slide-1646 ms-image\" aria-roledescription=\"slide\" aria-label=\"slide-1646\"><img src=\"https:\/\/ensurquiza-cba.infd.edu.ar\/sitio\/wp-content\/uploads\/2018\/09\/1\u00b0PEI-1100x350.jpg\" height=\"350\" width=\"1100\" alt=\"\" class=\"slider-1642 slide-1646\" title=\"1\u00b0PEI\" \/><\/li>\n                <li style=\"display: none; width: 100%;\" class=\"slide-1657 ms-image\" aria-roledescription=\"slide\" aria-label=\"slide-1657\"><img src=\"https:\/\/ensurquiza-cba.infd.edu.ar\/sitio\/wp-content\/uploads\/2019\/03\/IMG_20180522_174805032-1100x350.jpg\" height=\"350\" width=\"1100\" alt=\"\" class=\"slider-1642 slide-1657\" title=\"IMG_20180522_174805032\" \/><\/li>\n                <li style=\"display: none; width: 100%;\" class=\"slide-1658 ms-image\" aria-roledescription=\"slide\" aria-label=\"slide-1658\"><img src=\"https:\/\/ensurquiza-cba.infd.edu.ar\/sitio\/wp-content\/uploads\/2019\/03\/IMG_20180522_174740223-1100x350.jpg\" height=\"350\" width=\"1100\" alt=\"\" class=\"slider-1642 slide-1658\" title=\"IMG_20180522_174740223\" \/><\/li>\n            <\/ul>\n        <\/div>\n        \n    <\/div>\n<\/div><\/div>\n<p style=\"text-align: right;\">\n","protected":false},"excerpt":{"rendered":"<p>El\u00a0Profesorado de Educaci\u00f3n Primaria\u00a0tiene una duraci\u00f3n de\u00a04 a\u00f1os\u00a0y presenta un\u00a0nuevo plan curricular, que se se inscribe en el Proceso Nacional de Institucionalizaci\u00f3n del Sistema Formador de Docentes, iniciado durante el a\u00f1o 2008. El profesorado\u00a0est\u00e1\u00a0organizado en torno a tres Campos\u00a0de la Formaci\u00f3n docente: Campo\u00a0de la Formaci\u00f3n General,\u00a0el Campo\u00a0de la Formaci\u00f3n Espec\u00edfica, y el Campo\u00a0de la Pr\u00e1ctica &#8230; <a title=\"Profesorado de Educaci\u00f3n Primaria\" class=\"read-more\" href=\"https:\/\/ensurquiza-cba.infd.edu.ar\/sitio\/profesorado-de-educacion-primaria-3\/\" aria-label=\"More on Profesorado de Educaci\u00f3n Primaria\">[+]<\/a><\/p>\n","protected":false},"author":1278,"featured_media":0,"parent":0,"menu_order":0,"comment_status":"closed","ping_status":"closed","template":"","meta":[],"acf":[],"_links":{"self":[{"href":"https:\/\/ensurquiza-cba.infd.edu.ar\/sitio\/wp-json\/wp\/v2\/pages\/1634"}],"collection":[{"href":"https:\/\/ensurquiza-cba.infd.edu.ar\/sitio\/wp-json\/wp\/v2\/pages"}],"about":[{"href":"https:\/\/ensurquiza-cba.infd.edu.ar\/sitio\/wp-json\/wp\/v2\/types\/page"}],"author":[{"embeddable":true,"href":"https:\/\/ensurquiza-cba.infd.edu.ar\/sitio\/wp-json\/wp\/v2\/users\/1278"}],"replies":[{"embeddable":true,"href":"https:\/\/ensurquiza-cba.infd.edu.ar\/sitio\/wp-json\/wp\/v2\/comments?post=1634"}],"version-history":[{"count":15,"href":"https:\/\/ensurquiza-cba.infd.edu.ar\/sitio\/wp-json\/wp\/v2\/pages\/1634\/revisions"}],"predecessor-version":[{"id":3161,"href":"https:\/\/ensurquiza-cba.infd.edu.ar\/sitio\/wp-json\/wp\/v2\/pages\/1634\/revisions\/3161"}],"wp:attachment":[{"href":"https:\/\/ensurquiza-cba.infd.edu.ar\/sitio\/wp-json\/wp\/v2\/media?parent=1634"}],"curies":[{"name":"wp","href":"https:\/\/api.w.org\/{rel}","templated":true}]}}