{"id":1624,"date":"2019-03-10T17:33:22","date_gmt":"2019-03-10T20:33:22","guid":{"rendered":"https:\/\/ensurquiza-cba.infd.edu.ar\/sitio\/?page_id=1624"},"modified":"2024-10-30T21:22:16","modified_gmt":"2024-10-31T00:22:16","slug":"historia-2","status":"publish","type":"page","link":"https:\/\/ensurquiza-cba.infd.edu.ar\/sitio\/historia-2\/","title":{"rendered":"Historia"},"content":{"rendered":"<p style=\"font-weight: 400;\"><i><em><b><strong>La Escuela<\/strong><\/b><b><strong>&nbsp;Normal<\/strong><\/b><b><strong>&nbsp; luego de 136 a\u00f1os\u2026<\/strong><\/b><\/em><\/i><\/p>\n<p style=\"font-weight: 400;\"><strong>En 1988<\/strong> con motivo del Centenario de la Escuela, fue <strong>declarada \u201cLugar Hist\u00f3rico\u201d por la Municipalidad de R\u00edo Cuarto<\/strong>. En el a\u00f1o 2013 se festejaron los 125 a\u00f1os de la Escuela Normal,&nbsp;<b><strong>en el a\u00f1o 2018 volvimos a retomar los festejos<\/strong><\/b>, en un af\u00e1n por preservar la Historia institucional y seguir escribi\u00e9ndola.<img decoding=\"async\" loading=\"lazy\" class=\"wp-image-1521 alignright\" src=\"https:\/\/ensurquiza-cba.infd.edu.ar\/sitio\/wp-content\/uploads\/2018\/09\/IMG_20180905_100140806-1000x563.jpg\" alt=\"\" width=\"349\" height=\"196\" srcset=\"https:\/\/ensurquiza-cba.infd.edu.ar\/sitio\/wp-content\/uploads\/2018\/09\/IMG_20180905_100140806-1000x563.jpg 1000w, https:\/\/ensurquiza-cba.infd.edu.ar\/sitio\/wp-content\/uploads\/2018\/09\/IMG_20180905_100140806-768x432.jpg 768w, https:\/\/ensurquiza-cba.infd.edu.ar\/sitio\/wp-content\/uploads\/2018\/09\/IMG_20180905_100140806-1900x1069.jpg 1900w\" sizes=\"(max-width: 349px) 100vw, 349px\" \/><\/p>\n<p style=\"font-weight: 400;\">En torno de esta Escuela, <strong>f<\/strong><b><strong>undada hacia fines del siglo XIX<\/strong><\/b>, se inscribi\u00f3 un&nbsp;<b><strong>proyecto nacional y regional de normalismo pedag\u00f3gic<\/strong><\/b>o, que&nbsp;<b><strong>implic\u00f3 la formaci\u00f3n de maestros<\/strong><\/b>&nbsp;y por ende&nbsp;<b><strong>la ampliaci\u00f3n de las propuestas escolares del nivel primario en ciudades, poblados y \u00e1reas rurales haciendo al desarrollo en la regi\u00f3n Sur de C\u00f3rdoba<\/strong><\/b>. Del mismo modo, estaba dando sus primeros frutos la educaci\u00f3n p\u00fablica como garant\u00eda de inclusi\u00f3n y promoci\u00f3n de distintos sectores sociales.<\/p>\n<p style=\"text-align: center;\"><iframe loading=\"lazy\" src=\"https:\/\/www.youtube.com\/embed\/AlcD64nwP7A\" width=\"560\" height=\"315\" frameborder=\"0\" allowfullscreen=\"allowfullscreen\"><\/iframe><\/p>\n<p style=\"font-weight: 400;\">La \u201c<b><strong>Escuela Normal Mixta de R\u00edo Cuarto<\/strong><\/b>\u201d, dio sus primeros egresados en 1890 y lo ha hecho de manera ininterrumpida hasta la fecha contando entre&nbsp;sus caracter\u00edsticas m\u00e1s destacadas&nbsp;el&nbsp;<b><strong>constituir una unidad acad\u00e9mica<\/strong><\/b>&nbsp;que cuenta con los Niveles educativos Inicial, Primario, Secundario y Superior tanto en la Formaci\u00f3n docente como T\u00e9cnica. Asimismo, la Escuela Normal hoy es una de las instituciones p\u00fablicas de la ciudad que mayor n\u00famero de alumnos posee, siendo todos ellos de diferente procedencia en esta localidad.<\/p>\n<p style=\"font-weight: 400;\">Una majestuosa construcci\u00f3n con una esplendorosa arquitectura no s\u00f3lo da cuenta de aquel pasado escolar, sino que constituye un bien local que merece ser preservado.<\/p>\n<p style=\"font-weight: 400;\">Ahora bien, este per\u00edodo atravesado no es suficiente para caracterizar la Escuela hoy. Es necesario tambi\u00e9n pensar en la creciente apertura del establecimiento, de una sensibilidad mayor por las cuestiones inherentes a la cultura y los procesos culturales siendo el establecimiento un espacio propicio para su producci\u00f3n y difusi\u00f3n para que cada uno de sus miembros pueda servirse de ellos y ser parte integrante de \u00e9stos. La apertura ha sido pensada no de manera privativa a sus integrantes sino de manera mancomunada con los actores y las instituciones que, as\u00ed como la Escuela, tienen en sus prop\u00f3sitos fundamentales una labor de bien p\u00fablico y en funci\u00f3n a un proyecto de promoci\u00f3n social, de est\u00edmulo a las ciencias, las artes y las culturas.<\/p>\n<p style=\"font-weight: 400;\">Es en el contexto de hacer de nuestra Escuela un Centro Educativo Cultural, un espacio que concentre variedad de actividades como la innovaci\u00f3n para los campos educativos y culturales: que el&nbsp;d\u00eda&nbsp;<b><strong>09 de Junio de 2011<\/strong><\/b>&nbsp;la&nbsp;<b><strong>Legislatura de la Provincia de C\u00f3rdoba<\/strong><\/b>, sancion\u00f3 la&nbsp;<b><strong><a href=\"https:\/\/ensurquiza-cba.infd.edu.ar\/sitio\/historia\/upload\/Boletin_Oficial_de_Cba._Ley_N_9956.pdf\">Ley N\u00b0 9956<\/a><\/strong><\/b>&nbsp;por la que se<b><strong>&nbsp;Declara \u201cMonumento Hist\u00f3rico Provincial\u201d a nuestra Escuela Normal Superior \u201cJusto Jos\u00e9 de Urquiza\u201d.<\/strong><\/b><\/p>\n<p style=\"font-weight: 400;\">Para recordar tal momento acced\u00e9 al documento&nbsp;<a href=\"https:\/\/ensurquiza-cba.infd.edu.ar\/sitio\/historia\/upload\/Version_taquigrafica_de_Declaracion_Monumento_Historico_Pcial._pag_12_a_18.doc\"><b><strong>Versi\u00f3n Taquigr\u00e1fica<\/strong><\/b>&nbsp;<\/a>de la 21\u00b0 Reuni\u00f3n, 20\u00b0 Sesi\u00f3n Ordinaria de la Legislatura de la Provincia de C\u00f3rdoba, p\u00e1ginas 12 a 18.<\/p>\n<p>Del mismo modo, en la 18\u00ba Sesi\u00f3n Ordinaria del 28 de noviembre de 2012, la Honorable C\u00e1mara de Diputados de la Naci\u00f3n dio media sanci\u00f3n al Proyecto de Ley de Declaraci\u00f3n de Monumento Hist\u00f3rico Nacional al edificio de la Escuela. Dicho Proyecto ha sido impulsado mediante tres proyectos que se unificaron en un \u00fanico expediente. Los proyectos fueron impulsados por el Legislador Gumersindo Alonso. Otro de los proyectos fue presentado por los Diputados Estela Garnero, Ra\u00fal Rivara, Juan Casa\u00f1as y Francisco Fortuna. Finalmente, la Diputada Adriana Puiggr\u00f3s present\u00f3 un proyecto en igual sentido.<\/p>\n<p>Finalmente, La Escuela Normal Superior \u201cJusto Jos\u00e9 de Urquiza\u201d fue<strong> declarada Monumento Hist\u00f3rico Nacional por Ley Nacional N\u00b0 27.006\/14, sancionada por el Honorable Congreso de la Naci\u00f3n Argentina el 29 de octubre de 2014<\/strong>, promulgada el 19 de noviembre de 2014 y publicada el 26 de noviembre de 2014, en el Bolet\u00edn Oficial de la Rep\u00fablica Argentina, concret\u00e1ndose este acontecimiento fundamental en favor de la Educaci\u00f3n P\u00fablica y el reconocimiento institucional.<\/p>\n<p><strong>&nbsp;<\/strong>Puedes acceder al documento&nbsp;<strong><a href=\"https:\/\/www.boletinoficial.gob.ar\/detalleAviso\/primera\/115928\/20141126\">Ley Nacional N\u00b0 27.006\/14<\/a>.<\/strong><\/p>\n","protected":false},"excerpt":{"rendered":"<p>La Escuela&nbsp;Normal&nbsp; luego de 136 a\u00f1os\u2026 En 1988 con motivo del Centenario de la Escuela, fue declarada \u201cLugar Hist\u00f3rico\u201d por la Municipalidad de R\u00edo Cuarto. En el a\u00f1o 2013 se festejaron los 125 a\u00f1os de la Escuela Normal,&nbsp;en el a\u00f1o 2018 volvimos a retomar los festejos, en un af\u00e1n por preservar la Historia institucional y &#8230; <a title=\"Historia\" class=\"read-more\" href=\"https:\/\/ensurquiza-cba.infd.edu.ar\/sitio\/historia-2\/\" aria-label=\"More on Historia\">[+]<\/a><\/p>\n","protected":false},"author":1278,"featured_media":0,"parent":0,"menu_order":0,"comment_status":"closed","ping_status":"closed","template":"","meta":[],"acf":[],"_links":{"self":[{"href":"https:\/\/ensurquiza-cba.infd.edu.ar\/sitio\/wp-json\/wp\/v2\/pages\/1624"}],"collection":[{"href":"https:\/\/ensurquiza-cba.infd.edu.ar\/sitio\/wp-json\/wp\/v2\/pages"}],"about":[{"href":"https:\/\/ensurquiza-cba.infd.edu.ar\/sitio\/wp-json\/wp\/v2\/types\/page"}],"author":[{"embeddable":true,"href":"https:\/\/ensurquiza-cba.infd.edu.ar\/sitio\/wp-json\/wp\/v2\/users\/1278"}],"replies":[{"embeddable":true,"href":"https:\/\/ensurquiza-cba.infd.edu.ar\/sitio\/wp-json\/wp\/v2\/comments?post=1624"}],"version-history":[{"count":6,"href":"https:\/\/ensurquiza-cba.infd.edu.ar\/sitio\/wp-json\/wp\/v2\/pages\/1624\/revisions"}],"predecessor-version":[{"id":2882,"href":"https:\/\/ensurquiza-cba.infd.edu.ar\/sitio\/wp-json\/wp\/v2\/pages\/1624\/revisions\/2882"}],"wp:attachment":[{"href":"https:\/\/ensurquiza-cba.infd.edu.ar\/sitio\/wp-json\/wp\/v2\/media?parent=1624"}],"curies":[{"name":"wp","href":"https:\/\/api.w.org\/{rel}","templated":true}]}}