{"id":1621,"date":"2019-03-10T10:02:23","date_gmt":"2019-03-10T13:02:23","guid":{"rendered":"https:\/\/ensurquiza-cba.infd.edu.ar\/sitio\/?page_id=1621"},"modified":"2024-09-30T10:41:30","modified_gmt":"2024-09-30T13:41:30","slug":"contacto-2","status":"publish","type":"page","link":"https:\/\/ensurquiza-cba.infd.edu.ar\/sitio\/contacto-2\/","title":{"rendered":"Contacto"},"content":{"rendered":"<p style=\"text-align: center;\"><strong>Direcci\u00f3n:<\/strong> Constituci\u00f3n 1040 &#8211; X5800 R\u00edo Cuarto &#8211; C\u00f3rdoba<\/p>\n<p style=\"text-align: center;\"><strong>TEL.\/FAX:<\/strong> 0358 \u2013 4672917<\/p>\n<p style=\"text-align: center;\">Internos:<\/p>\n<p style=\"text-align: center;\">18 &#8211; Secretar\u00eda<\/p>\n<p style=\"text-align: center;\">11 &#8211; Direcci\u00f3n<\/p>\n<p style=\"text-align: center;\">12 &#8211; Vicedirecci\u00f3n<\/p>\n<p style=\"text-align: center;\">17 &#8211; Nivel Primario y Nivel Superior<\/p>\n<p style=\"text-align: center;\">\u00a0&#8211; Nivel Inicial<\/p>\n<p style=\"text-align: center;\">28 &#8211; Biblioteca<\/p>\n<p style=\"text-align: center;\">15 &#8211; Gabinete F\u00edsico-Qu\u00edmica<\/p>\n<p style=\"text-align: center;\">32 &#8211; Gabinete Inform\u00e1tico<\/p>\n<p style=\"text-align: center;\">&#8211; Coordinaci\u00f3n Secundario y Superior<\/p>\n<p style=\"text-align: center;\">29 &#8211; ISEP<\/p>\n<p style=\"text-align: center;\"><strong>Correos electr\u00f3nicos:<\/strong><\/p>\n<p style=\"text-align: center;\">Direcci\u00f3n y Secretaria &#8211; ee0330371@me.cba.gov.ar (niveles inicial, primario y superior)\/ ee0330370@me.cba.gov.ar (nivel secundario)<\/p>\n<p style=\"text-align: center;\"><strong>Consultas de Superior<\/strong>: oficina.estudiantes.ns@gmail.com<\/p>\n<p style=\"text-align: center;\">Vicedirecci\u00f3n &#8211;\u00a0vicedireccion.ns.urquiza@gmail.com<\/p>\n","protected":false},"excerpt":{"rendered":"<p>Direcci\u00f3n: Constituci\u00f3n 1040 &#8211; X5800 R\u00edo Cuarto &#8211; C\u00f3rdoba TEL.\/FAX: 0358 \u2013 4672917 Internos: 18 &#8211; Secretar\u00eda 11 &#8211; Direcci\u00f3n 12 &#8211; Vicedirecci\u00f3n 17 &#8211; Nivel Primario y Nivel Superior \u00a0&#8211; Nivel Inicial 28 &#8211; Biblioteca 15 &#8211; Gabinete F\u00edsico-Qu\u00edmica 32 &#8211; Gabinete Inform\u00e1tico &#8211; Coordinaci\u00f3n Secundario y Superior 29 &#8211; ISEP Correos electr\u00f3nicos: Direcci\u00f3n &#8230; <a title=\"Contacto\" class=\"read-more\" href=\"https:\/\/ensurquiza-cba.infd.edu.ar\/sitio\/contacto-2\/\" aria-label=\"More on Contacto\">[+]<\/a><\/p>\n","protected":false},"author":1278,"featured_media":0,"parent":0,"menu_order":0,"comment_status":"closed","ping_status":"closed","template":"","meta":[],"acf":[],"_links":{"self":[{"href":"https:\/\/ensurquiza-cba.infd.edu.ar\/sitio\/wp-json\/wp\/v2\/pages\/1621"}],"collection":[{"href":"https:\/\/ensurquiza-cba.infd.edu.ar\/sitio\/wp-json\/wp\/v2\/pages"}],"about":[{"href":"https:\/\/ensurquiza-cba.infd.edu.ar\/sitio\/wp-json\/wp\/v2\/types\/page"}],"author":[{"embeddable":true,"href":"https:\/\/ensurquiza-cba.infd.edu.ar\/sitio\/wp-json\/wp\/v2\/users\/1278"}],"replies":[{"embeddable":true,"href":"https:\/\/ensurquiza-cba.infd.edu.ar\/sitio\/wp-json\/wp\/v2\/comments?post=1621"}],"version-history":[{"count":7,"href":"https:\/\/ensurquiza-cba.infd.edu.ar\/sitio\/wp-json\/wp\/v2\/pages\/1621\/revisions"}],"predecessor-version":[{"id":2831,"href":"https:\/\/ensurquiza-cba.infd.edu.ar\/sitio\/wp-json\/wp\/v2\/pages\/1621\/revisions\/2831"}],"wp:attachment":[{"href":"https:\/\/ensurquiza-cba.infd.edu.ar\/sitio\/wp-json\/wp\/v2\/media?parent=1621"}],"curies":[{"name":"wp","href":"https:\/\/api.w.org\/{rel}","templated":true}]}}