{"id":1359,"date":"2018-08-29T16:26:47","date_gmt":"2018-08-29T19:26:47","guid":{"rendered":"https:\/\/ensurquiza-cba.infd.edu.ar\/sitio\/profesorado-de-educacion-primaria-2\/"},"modified":"2024-10-22T18:43:46","modified_gmt":"2024-10-22T21:43:46","slug":"profesorado-de-educacion-primaria-2","status":"publish","type":"page","link":"https:\/\/ensurquiza-cba.infd.edu.ar\/sitio\/profesorado-de-educacion-primaria-2\/","title":{"rendered":"Profesorado de Educaci\u00f3n Primaria"},"content":{"rendered":"<p style=\"text-align: justify;\"><span style=\"font-size: 12pt;\"><span style=\"color: #000000;\"><span style=\"font-family: verdana,geneva;\">El <span style=\"color: #ff00ff;\"><strong>Profesorado de Educaci\u00f3n Primaria <\/strong><\/span><\/span><\/span><span style=\"color: #000000;\"><span style=\"font-family: verdana,geneva;\">tiene una duraci\u00f3n de <span style=\"color: #ff00ff;\"><strong>4 a\u00f1os <\/strong><\/span>y presenta un<span style=\"color: #ff00ff;\"> <strong><a title=\"Propuesta curricular de los Profesorados de Educaci\u00f3n Inicial y Primario\" href=\"upload\/Disenio_Curr_Primaria_Inicial_2015.pdf\" target=\"_blank\" rel=\"noopener\"><span style=\"color: #ff00ff;\">nuevo plan curricular<\/span><\/a><\/strong><\/span><\/span><span style=\"font-family: verdana,geneva;\">, que se inscribe en el Proceso Nacional de Institucionalizaci\u00f3n del Sistema Formador de Docentes, iniciado durante el a\u00f1o 2008.<\/span><\/span><\/span><\/p>\n<p style=\"text-align: justify;\"><span style=\"font-family: verdana, geneva; color: #000000; font-size: 12pt;\">El profesorado\u00a0est\u00e1 <strong>organizado en torno a tres Campos<\/strong> de la Formaci\u00f3n docente: Campo <strong>de la Formaci\u00f3n General, <\/strong>el Campo<strong> de la Formaci\u00f3n Espec\u00edfica<\/strong>, y el Campo<strong> de la Pr\u00e1ctica Docente<\/strong>. De su integraci\u00f3n, se pretende\u00a0propiciar cruces y articulaciones orientadas a un abordaje integral y pluridimensional de la complejidad del hecho educativo, recurriendo a una <strong>variedad de formatos curriculares<\/strong> que expresan tanto enfoques disciplinares como estructuraciones en torno a problemas o temas: <strong>asignaturas, seminarios, talleres, ateneos, tutor\u00edas y trabajos de campo<\/strong>. Tal variabilidad y flexibilidad de formatos admite modos de organizaci\u00f3n, de cursado, de evaluaci\u00f3n y de acreditaci\u00f3n diferenciales. <\/span><\/p>\n<p style=\"text-align: justify;\"><span style=\"font-family: verdana, geneva; color: #000000; font-size: 12pt;\">Por otro lado, se incorpora al mismo un\u00a0<strong>sistema de cr\u00e9ditos para los estudiantes<\/strong> que, en el marco de un curriculum flexible, permite reconocer, orientar y acreditar trayectos formativos\u00a0extracurriculares\u00a0opcionales.<\/span><\/p>\n<p style=\"text-align: justify;\"><span style=\"font-family: verdana, geneva; color: #000000; font-size: 12pt;\">La Escuela Normal\u00a0ofrece una\u00a0<strong>propuesta de organizaci\u00f3n curricular<\/strong> del Profesorado de Educaci\u00f3n Primaria para el desarrollo de la formaci\u00f3n <strong>orientada en <\/strong><strong>Educaci\u00f3n Rural.<\/strong><\/span><\/p>\n<p style=\"text-align: justify;\"><span style=\"font-family: verdana, geneva; color: #000000; font-size: 12pt;\">El cursado puede realizarse en el <strong>turno vespertino<\/strong>:\u00a0 de <\/span><span style=\"font-family: verdana, geneva; color: #000000; font-size: 12pt;\">18:00 a 23:30 hs.<\/span><\/p>\n<p style=\"text-align: justify;\">\n<p style=\"text-align: justify;\"><span style=\"font-family: verdana, geneva; color: #000080; font-size: 12pt;\">\u00a0<\/span><\/p>\n<table style=\"margin-right: auto; margin-left: auto;\" border=\"0\">\n<tbody>\n<tr>\n<td><img decoding=\"async\" loading=\"lazy\" title=\"imagen frente de la escuela\" src=\"https:\/\/ensurquiza-cba.infd.edu.ar\/sitio\/wp-content\/uploads\/2018\/08\/SANY0195_11.jpg\" alt=\"imagen frente de la escuela\" width=\"133\" height=\"106\" border=\"0\" \/><\/td>\n<td><img decoding=\"async\" loading=\"lazy\" src=\"https:\/\/ensurquiza-cba.infd.edu.ar\/sitio\/wp-content\/uploads\/2018\/08\/DSC00027.gif\" width=\"138\" height=\"105\" border=\"0\" \/><\/td>\n<td><img decoding=\"async\" loading=\"lazy\" title=\"Aula 3\" src=\"https:\/\/ensurquiza-cba.infd.edu.ar\/sitio\/wp-content\/uploads\/2018\/08\/aula_3.jpg\" alt=\"Aula 3\" width=\"145\" height=\"107\" border=\"0\" \/><\/td>\n<td><img decoding=\"async\" loading=\"lazy\" title=\"Experiencia compartida \" src=\"https:\/\/ensurquiza-cba.infd.edu.ar\/sitio\/wp-content\/uploads\/2018\/08\/IMG_1976.jpg\" alt=\"Experiencia compartida \" width=\"154\" height=\"107\" border=\"0\" \/><\/td>\n<\/tr>\n<\/tbody>\n<\/table>\n<table border=\"0\" align=\"center\">\n<tbody>\n<tr align=\"center\" valign=\"middle\">\n<td><span style=\"color: #ff00ff; font-family: verdana, geneva; font-size: 12pt;\"><strong><img decoding=\"async\" src=\"https:\/\/ensurquiza-cba.infd.edu.ar\/sitio\/wp-content\/uploads\/2018\/08\/attachment.png\" alt=\"clip\" border=\"0\" \/><a title=\"Plan de estudios PEP\" href=\"upload\/plan_PEP.jpg\" target=\"_blank\" rel=\"noopener\"><span style=\"color: #ff00ff;\">PLAN DE ESTUDIO<\/span><\/a><\/strong><\/span><\/td>\n<\/tr>\n<tr align=\"center\" valign=\"middle\">\n<td><span style=\"font-size: 12pt;\"><span style=\"font-family: verdana, geneva;\"><strong><img decoding=\"async\" src=\"https:\/\/ensurquiza-cba.infd.edu.ar\/sitio\/wp-content\/uploads\/2018\/08\/attachment.png\" alt=\"clip\" border=\"0\" \/><\/strong><\/span><span style=\"font-family: verdana, geneva; color: #ff00ff;\"><strong><a title=\"Perfil formativo de los Profesorados Inicial y Primario\" href=\"upload\/El_perfil_formativo_para_el_Profesorado.pdf\" target=\"_blank\" rel=\"noopener\"><span style=\"color: #ff00ff;\">\u00a0PERFIL PROFESIONAL<\/span><\/a><\/strong><\/span><\/span><\/td>\n<\/tr>\n<tr align=\"center\" valign=\"middle\">\n<td><span style=\"color: #ff00ff; font-family: verdana, geneva; font-size: 12pt;\"><strong><a title=\"Solicitud de Preinscripci\u00f3n\" href=\"index.cgi?wid_form=5\"><img decoding=\"async\" src=\"https:\/\/ensurquiza-cba.infd.edu.ar\/sitio\/wp-content\/uploads\/2018\/08\/attachment.png\" alt=\"clip\" border=\"0\" \/><\/a>\u00a0\u00a0Los\/as aspirantes deber\u00e1n pre inscribirse a trav\u00e9s del sistema de gesti\u00f3n de estudiantes, desde la siguiente\u00a0p\u00e1gina:\u00a0<a href=\"http:\/\/www.cba.gov.ar\/gestion-estudiantes\/\" target=\"_blank\" rel=\"noopener\" data-saferedirecturl=\"https:\/\/www.google.com\/url?hl=es-419&amp;q=http:\/\/www.cba.gov.ar\/gestion-estudiantes\/&amp;source=gmail&amp;ust=1507768203750000&amp;usg=AFQjCNGk00OIhRFAzc1c3ajBHdAcNBwiZw\">http:\/\/www.cba.gov.ar\/gestion-estudiantes\/<\/a>\u00a0luego aqu\u00ed tienen que ingresar al enlace llamado \u00abPre Matricula &#8211; Nivel Superior\u00bb y all\u00ed mediante su usuario\u00a0CiDi\u00a0podr\u00e1n elegir la carrera a la cual pre-matricularse.\u00a0<\/strong><\/span><\/td>\n<\/tr>\n<\/tbody>\n<\/table>\n<hr \/>\n","protected":false},"excerpt":{"rendered":"<p>El Profesorado de Educaci\u00f3n Primaria tiene una duraci\u00f3n de 4 a\u00f1os y presenta un nuevo plan curricular, que se inscribe en el Proceso Nacional de Institucionalizaci\u00f3n del Sistema Formador de Docentes, iniciado durante el a\u00f1o 2008. El profesorado\u00a0est\u00e1 organizado en torno a tres Campos de la Formaci\u00f3n docente: Campo de la Formaci\u00f3n General, el Campo &#8230; <a title=\"Profesorado de Educaci\u00f3n Primaria\" class=\"read-more\" href=\"https:\/\/ensurquiza-cba.infd.edu.ar\/sitio\/profesorado-de-educacion-primaria-2\/\" aria-label=\"More on Profesorado de Educaci\u00f3n Primaria\">[+]<\/a><\/p>\n","protected":false},"author":861,"featured_media":0,"parent":0,"menu_order":0,"comment_status":"closed","ping_status":"closed","template":"","meta":[],"acf":[],"_links":{"self":[{"href":"https:\/\/ensurquiza-cba.infd.edu.ar\/sitio\/wp-json\/wp\/v2\/pages\/1359"}],"collection":[{"href":"https:\/\/ensurquiza-cba.infd.edu.ar\/sitio\/wp-json\/wp\/v2\/pages"}],"about":[{"href":"https:\/\/ensurquiza-cba.infd.edu.ar\/sitio\/wp-json\/wp\/v2\/types\/page"}],"author":[{"embeddable":true,"href":"https:\/\/ensurquiza-cba.infd.edu.ar\/sitio\/wp-json\/wp\/v2\/users\/861"}],"replies":[{"embeddable":true,"href":"https:\/\/ensurquiza-cba.infd.edu.ar\/sitio\/wp-json\/wp\/v2\/comments?post=1359"}],"version-history":[{"count":1,"href":"https:\/\/ensurquiza-cba.infd.edu.ar\/sitio\/wp-json\/wp\/v2\/pages\/1359\/revisions"}],"predecessor-version":[{"id":2841,"href":"https:\/\/ensurquiza-cba.infd.edu.ar\/sitio\/wp-json\/wp\/v2\/pages\/1359\/revisions\/2841"}],"wp:attachment":[{"href":"https:\/\/ensurquiza-cba.infd.edu.ar\/sitio\/wp-json\/wp\/v2\/media?parent=1359"}],"curies":[{"name":"wp","href":"https:\/\/api.w.org\/{rel}","templated":true}]}}