{"id":1315,"date":"2018-08-29T16:26:29","date_gmt":"2018-08-29T19:26:29","guid":{"rendered":"https:\/\/ensurquiza-cba.infd.edu.ar\/sitio\/nivel-superior\/"},"modified":"2024-10-30T18:41:59","modified_gmt":"2024-10-30T21:41:59","slug":"nivel-superior","status":"publish","type":"page","link":"https:\/\/ensurquiza-cba.infd.edu.ar\/sitio\/nivel-superior\/","title":{"rendered":"Nivel Superior"},"content":{"rendered":"<table style=\"width: 458px; height: 120px;\" border=\"0\">\n<tbody>\n<tr>\n<td><img decoding=\"async\" loading=\"lazy\" title=\"frente antiguo\" src=\"https:\/\/ensurquiza-cba.infd.edu.ar\/sitio\/wp-content\/uploads\/2018\/08\/frente_antiguo_de_la_escuela.jpg\" alt=\"frente antiguo\" width=\"174\" height=\"128\" border=\"0\" \/><\/td>\n<td><img decoding=\"async\" loading=\"lazy\" title=\"lapacho\" src=\"https:\/\/ensurquiza-cba.infd.edu.ar\/sitio\/wp-content\/uploads\/2018\/08\/jardin_lavadero_049_1.jpg\" alt=\"lapacho\" width=\"152\" height=\"124\" border=\"0\" \/><\/td>\n<td><img decoding=\"async\" loading=\"lazy\" title=\"cumple escuela\" src=\"https:\/\/ensurquiza-cba.infd.edu.ar\/sitio\/wp-content\/uploads\/2018\/08\/Imagen_188.jpg\" alt=\"cumple escuela\" width=\"148\" height=\"122\" border=\"0\" \/><\/td>\n<\/tr>\n<\/tbody>\n<\/table>\n<table style=\"width: 488px; height: 338px;\" border=\"0\">\n<tbody>\n<tr>\n<td style=\"text-align: justify;\"><span style=\"font-family: 'book antiqua', palatino; font-size: 10pt;\">La <strong>Escuela Normal Superior Justo Jos\u00e9 de Urquiza<\/strong> de la ciudad de R\u00edo Cuarto, es hist\u00f3ricamente una instituci\u00f3n formadora de docentes. <strong>Fund<\/strong><strong style=\"font-size: 10pt;\">a<\/strong><strong style=\"font-size: 10pt;\">da en 1888<\/strong><span style=\"font-size: 10pt;\">, desde aquel primer mandato, atravesada por los cambios pol\u00edticos y socio culturales de ciento veintisiete a\u00f1os, \u00a0la Escuela muestra\u00a0hoy un perfil renovado, ligado a una creciente participaci\u00f3n en la comunidad, un inter\u00e9s pormenoriza<\/span><span style=\"font-size: 10pt;\">do por la labor desempe\u00f1ada en su seno y una ratificaci\u00f3n de la formaci\u00f3n docente acorde a las necesidades de R\u00edo Cuarto y su zona de influencia donde existen m\u00e1s de cincuenta escuelas de Nivel Primario e Inicial. As\u00ed, sum\u00f3 a la\u00a0<\/span><strong style=\"font-size: 10pt;\">Formaci\u00f3n Docente<\/strong><span style=\"font-size: 10pt;\">, la oferta de carreras\u00a0<\/span><strong style=\"font-size: 10pt;\">Formaci\u00f3n T\u00e9cnica<\/strong><span style=\"font-size: 10pt;\">, centradas inicialmente en las demandas de contexto econ\u00f3mico y productivo de la regi\u00f3n, y luego en las necesidades de expansi\u00f3n cultural de organizaciones educativas de \u00e1mbitos formales y no formales. \u00a0<\/span><strong><br \/>\n<\/strong><\/span><\/td>\n<\/tr>\n<tr>\n<td><span style=\"font-family: 'book antiqua', palatino; font-size: 10pt;\"><img decoding=\"async\" loading=\"lazy\" style=\"display: block; margin-left: auto; margin-right: auto;\" title=\"Normal interior\" src=\"https:\/\/ensurquiza-cba.infd.edu.ar\/sitio\/wp-content\/uploads\/2018\/08\/normal2.jpg\" alt=\"Normal interior\" width=\"139\" height=\"125\" border=\"0\" \/><\/span><\/td>\n<\/tr>\n<\/tbody>\n<\/table>\n<p style=\"text-align: justify;\"><span style=\"font-family: 'book antiqua', palatino; font-size: 10pt;\">Actualmente, las propuestas acad\u00e9micas de grado que sostiene la escuela\u00a0<\/span><span style=\"font-family: 'book antiqua', palatino; font-size: 10pt;\">en el Nivel Superior son:<\/span><\/p>\n<p style=\"text-align: justify;\"><span style=\"font-family: 'book antiqua', palatino; font-size: 10pt;\"><img decoding=\"async\" title=\"Leer m\u00e1s (chico)\" src=\"https:\/\/ensurquiza-cba.infd.edu.ar\/sitio\/wp-content\/uploads\/2018\/08\/leermasch.jpg\" alt=\"Leer m\u00e1s (chico)\" border=\"0\" \/><a title=\"Profesorado de Educaci\u00f3n Inicial\" href=\"index.cgi?wid_item=97&amp;wid_seccion=29\">Profesorado de Educaci\u00f3n Inicial<\/a><sup style=\"font-size: 12pt;\"><br \/>\n<\/sup><\/span><\/p>\n<p style=\"text-align: justify;\"><span style=\"font-family: 'book antiqua', palatino; font-size: 10pt;\"><sup style=\"font-size: 12pt;\"><img decoding=\"async\" title=\"Leer m\u00e1s (chico)\" src=\"https:\/\/ensurquiza-cba.infd.edu.ar\/sitio\/wp-content\/uploads\/2018\/08\/leermasch.jpg\" alt=\"Leer m\u00e1s (chico)\" border=\"0\" \/><\/sup><a title=\"Profesorado de Educaci\u00f3n Primaria\" href=\"index.cgi?wid_item=53&amp;wid_seccion=29\">Profesorado de Educaci\u00f3n Primaria<\/a><\/span><\/p>\n<p><span style=\"font-family: 'book antiqua', palatino; font-size: 10pt;\"><sup style=\"font-size: 12pt;\"><img decoding=\"async\" title=\"Leer m\u00e1s (chico)\" src=\"https:\/\/ensurquiza-cba.infd.edu.ar\/sitio\/wp-content\/uploads\/2018\/08\/leermasch.jpg\" alt=\"Leer m\u00e1s (chico)\" border=\"0\" \/>Profesorado en Educaci\u00f3n Tecnol\u00f3gica<\/sup><\/span><\/p>\n<table border=\"0\">\n<tbody>\n<tr>\n<td><img decoding=\"async\" loading=\"lazy\" title=\"frente antiguo\" src=\"https:\/\/ensurquiza-cba.infd.edu.ar\/sitio\/wp-content\/uploads\/2018\/08\/frente_antiguo_de_la_escuela.jpg\" alt=\"frente antiguo\" width=\"174\" height=\"128\" border=\"0\" \/><\/td>\n<td><img decoding=\"async\" loading=\"lazy\" title=\"lapacho\" src=\"https:\/\/ensurquiza-cba.infd.edu.ar\/sitio\/wp-content\/uploads\/2018\/08\/jardin_lavadero_049_1.jpg\" alt=\"lapacho\" width=\"152\" height=\"124\" border=\"0\" \/><\/td>\n<td><img decoding=\"async\" loading=\"lazy\" title=\"cumple escuela\" src=\"https:\/\/ensurquiza-cba.infd.edu.ar\/sitio\/wp-content\/uploads\/2018\/08\/Imagen_188.jpg\" alt=\"cumple escuela\" width=\"148\" height=\"122\" border=\"0\" \/><\/td>\n<\/tr>\n<\/tbody>\n<\/table>\n<table border=\"0\">\n<tbody>\n<tr>\n<td>La <strong>Escuela Normal Superior Justo Jos\u00e9 de Urquiza<\/strong> de la ciudad de R\u00edo Cuarto, es hist\u00f3ricamente una instituci\u00f3n formadora de docentes. <strong>Fund<\/strong><strong>a<\/strong><strong>da en 1888<\/strong>, desde aquel primer mandato, atravesada por los cambios pol\u00edticos y socio culturales de ciento veintisiete a\u00f1os, \u00a0la Escuela muestra\u00a0hoy un perfil renovado, ligado a una creciente participaci\u00f3n en la comunidad, un inter\u00e9s pormenorizado por la labor desempe\u00f1ada en su seno y una ratificaci\u00f3n de la formaci\u00f3n docente acorde a las necesidades de R\u00edo Cuarto y su zona de influencia donde existen m\u00e1s de cincuenta escuelas de Nivel Primario e Inicial. As\u00ed, sum\u00f3 a la\u00a0<strong>Formaci\u00f3n Docente<\/strong>, la oferta de carreras\u00a0<strong>Formaci\u00f3n T\u00e9cnica<\/strong>, centradas inicialmente en las demandas de contexto econ\u00f3mico y productivo de la regi\u00f3n, y luego en las necesidades de expansi\u00f3n cultural de organizaciones educativas de \u00e1mbitos formales y no formales. \u00a0<strong><br \/>\n<\/strong><\/td>\n<\/tr>\n<tr>\n<td><img decoding=\"async\" loading=\"lazy\" title=\"Normal interior\" src=\"https:\/\/ensurquiza-cba.infd.edu.ar\/sitio\/wp-content\/uploads\/2018\/08\/normal2.jpg\" alt=\"Normal interior\" width=\"139\" height=\"125\" border=\"0\" \/><\/td>\n<\/tr>\n<\/tbody>\n<\/table>\n<p>Actualmente, las propuestas acad\u00e9micas de grado que sostiene la escuela\u00a0en el Nivel Superior son:<\/p>\n<p><img decoding=\"async\" title=\"Leer m\u00e1s (chico)\" src=\"https:\/\/ensurquiza-cba.infd.edu.ar\/sitio\/wp-content\/uploads\/2018\/08\/leermasch.jpg\" alt=\"Leer m\u00e1s (chico)\" border=\"0\" \/><a title=\"Profesorado de Educaci\u00f3n Inicial\" href=\"index.cgi?wid_item=97&amp;wid_seccion=29\">Profesorado de Educaci\u00f3n Inicial<\/a><sup><br \/>\n<\/sup><\/p>\n<p><sup><img decoding=\"async\" title=\"Leer m\u00e1s (chico)\" src=\"https:\/\/ensurquiza-cba.infd.edu.ar\/sitio\/wp-content\/uploads\/2018\/08\/leermasch.jpg\" alt=\"Leer m\u00e1s (chico)\" border=\"0\" \/><\/sup><a title=\"Profesorado de Educaci\u00f3n Primaria\" href=\"index.cgi?wid_item=53&amp;wid_seccion=29\">Profesorado de Educaci\u00f3n Primaria<\/a><\/p>\n<p><span style=\"font-family: 'book antiqua', palatino; font-size: 10pt;\"><a title=\"Tecnicatura Superior en Bibliotecolog\u00eda con orientaci\u00f3n Socioeducativa\" href=\"index.cgi?wid_item=107&amp;wid_seccion=29\"><img decoding=\"async\" title=\"Leer m\u00e1s (chico)\" src=\"https:\/\/ensurquiza-cba.infd.edu.ar\/sitio\/wp-content\/uploads\/2018\/08\/leermasch.jpg\" alt=\"Leer m\u00e1s (chico)\" border=\"0\" \/><\/a><\/span> Profesorado en Educaci\u00f3n Tecnol\u00f3gica<\/p>\n<p><a title=\"Tecnicatura Superior en Gesti\u00f3n y Administraci\u00f3n de las Organizaciones\" href=\"index.cgi?wid_seccion=24\"><img decoding=\"async\" title=\"Leer m\u00e1s (chico)\" src=\"https:\/\/ensurquiza-cba.infd.edu.ar\/sitio\/wp-content\/uploads\/2018\/08\/leermasch.jpg\" alt=\"Leer m\u00e1s (chico)\" border=\"0\" \/><\/a><a title=\"Tecnicatura Superior en Gesti\u00f3n y Administraci\u00f3n de las Organizaciones\" href=\"index.cgi?wid_item=58&amp;wid_seccion=29\">Tecnicatura Superior en\u00a0 Administraci\u00f3n<\/a><\/p>\n<p><img decoding=\"async\" src=\"https:\/\/ensurquiza-cba.infd.edu.ar\/sitio\/wp-content\/uploads\/2018\/08\/leermasch.jpg\" alt=\"Leer m\u00e1s (chico)\" border=\"0\" \/><a title=\"Dise\u00f1o Curricular TSDG\" href=\"upload\/Disen_o_Curricular_de_la_Tecnicatura_en_Disen_o_Grafico.pdf\" target=\"_blank\" rel=\"noopener\">Tecnicatura Superior en Dise\u00f1o Gr\u00e1fico<\/a><\/p>\n<p style=\"text-align: justify;\">\n<p style=\"text-align: justify;\"><span style=\"font-family: 'book antiqua', palatino; font-size: 10pt;\">\u00a0<\/span><\/p>\n","protected":false},"excerpt":{"rendered":"<p>La Escuela Normal Superior Justo Jos\u00e9 de Urquiza de la ciudad de R\u00edo Cuarto, es hist\u00f3ricamente una instituci\u00f3n formadora de docentes. Fundada en 1888, desde aquel primer mandato, atravesada por los cambios pol\u00edticos y socio culturales de ciento veintisiete a\u00f1os, \u00a0la Escuela muestra\u00a0hoy un perfil renovado, ligado a una creciente participaci\u00f3n en la comunidad, un &#8230; <a title=\"Nivel Superior\" class=\"read-more\" href=\"https:\/\/ensurquiza-cba.infd.edu.ar\/sitio\/nivel-superior\/\" aria-label=\"More on Nivel Superior\">[+]<\/a><\/p>\n","protected":false},"author":861,"featured_media":0,"parent":0,"menu_order":0,"comment_status":"closed","ping_status":"closed","template":"","meta":[],"acf":[],"_links":{"self":[{"href":"https:\/\/ensurquiza-cba.infd.edu.ar\/sitio\/wp-json\/wp\/v2\/pages\/1315"}],"collection":[{"href":"https:\/\/ensurquiza-cba.infd.edu.ar\/sitio\/wp-json\/wp\/v2\/pages"}],"about":[{"href":"https:\/\/ensurquiza-cba.infd.edu.ar\/sitio\/wp-json\/wp\/v2\/types\/page"}],"author":[{"embeddable":true,"href":"https:\/\/ensurquiza-cba.infd.edu.ar\/sitio\/wp-json\/wp\/v2\/users\/861"}],"replies":[{"embeddable":true,"href":"https:\/\/ensurquiza-cba.infd.edu.ar\/sitio\/wp-json\/wp\/v2\/comments?post=1315"}],"version-history":[{"count":2,"href":"https:\/\/ensurquiza-cba.infd.edu.ar\/sitio\/wp-json\/wp\/v2\/pages\/1315\/revisions"}],"predecessor-version":[{"id":2871,"href":"https:\/\/ensurquiza-cba.infd.edu.ar\/sitio\/wp-json\/wp\/v2\/pages\/1315\/revisions\/2871"}],"wp:attachment":[{"href":"https:\/\/ensurquiza-cba.infd.edu.ar\/sitio\/wp-json\/wp\/v2\/media?parent=1315"}],"curies":[{"name":"wp","href":"https:\/\/api.w.org\/{rel}","templated":true}]}}